{"id":90,"date":"2024-09-15T23:52:36","date_gmt":"2024-09-15T23:52:36","guid":{"rendered":"https:\/\/bayi.modernraf.com.tr\/?page_id=90"},"modified":"2024-09-15T23:52:36","modified_gmt":"2024-09-15T23:52:36","slug":"teslimat-kosullari","status":"publish","type":"page","link":"https:\/\/bayi.modernraf.com.tr\/index.php\/teslimat-kosullari\/","title":{"rendered":"Teslimat Ko\u015fullar\u0131"},"content":{"rendered":"<p>Sipari\u015fleriniz, banka onay\u0131 al\u0131nd\u0131ktan sonra 3 i\u015f g\u00fcn\u00fc (Pazartesi-Cuma) i\u00e7erisinde kargoya teslim edilir. Teslimat adresinin SMR MODERN AH\u015eAP \u00c7EL\u0130K RAF SAN.T\u0130C.LTD.\u015eT\u0130. ya uzakl\u0131\u011f\u0131na g\u00f6re de kargo \u015firketi 1-3 g\u00fcn i\u00e7erisinde sipari\u015finizi size ula\u015ft\u0131racakt\u0131r.<\/p><p>\u00d6zel \u00fcretim \u00fcr\u00fcnlerin teslim s\u00fcreleri imalat zaman\u0131na g\u00f6re farkl\u0131l\u0131k g\u00f6stermektedir. Bu t\u00fcr \u00fcr\u00fcnlerin teslimat bilgileri ve s\u00fcreleri \u00fcr\u00fcn sayfalar\u0131nda belirtilmi\u015ftir.<\/p><p>Taraf\u0131m\u0131zdan kaynaklanan bir aksilik olmas\u0131 halinde ise size \u00fcyelik bilgilerinizden yola \u00e7\u0131k\u0131larak haber verilecektir. Bu y\u00fczden \u00fcyelik bilgilerinizin eksiksiz ve do\u011fru olmas\u0131 \u00f6nemlidir. Bayram ve tatil g\u00fcnlerinde teslimat yap\u0131lmamaktad\u0131r.<\/p><p>Se\u00e7ti\u011finiz \u00fcr\u00fcnlerin tamam\u0131 anla\u015fmal\u0131 oldu\u011fumuz &nbsp;kargo \u015firketleri taraf\u0131ndan SMR MODERN AH\u015eAP \u00c7EL\u0130K RAF SAN.T\u0130C.LTD.\u015eT\u0130. &nbsp;garantisi ile size teslim edilecektir.<\/p><p>Sat\u0131n ald\u0131\u011f\u0131n\u0131z \u00fcr\u00fcnler bir teyit e-posta&#8217;s\u0131 ile taraf\u0131n\u0131za bildirilecektir. Se\u00e7ti\u011finiz \u00fcr\u00fcnlerden herhangi birinin stokta mevcut olmamas\u0131 durumunda konu ile ilgili bir e-posta size yollanacak ve \u00fcr\u00fcn\u00fcn ilk stoklara girece\u011fi tarih taraf\u0131n\u0131za bildirilecektir.<\/p><p>ModernRaf.com.tr on-line al\u0131\u015fveri\u015f sitesidir. Ayn\u0131 anda birden \u00e7ok kullan\u0131c\u0131ya al\u0131\u015fveri\u015f yapma imkan\u0131 tan\u0131r. Enderde olsa t\u00fcketicinin ayn\u0131 \u00fcr\u00fcn\u00fc almas\u0131 s\u00f6z konusudur ve \u00fcr\u00fcn stoklarda t\u00fckenmektedir bu durumda ;<\/p><p>\u00d6demesini internet \u00fczerinden yapt\u0131n\u0131z \u00fcr\u00fcn e\u011fer stoklarm\u0131zda kalmam\u0131\u015f ise en az 4 (D\u00f6rt) en fazla 30 (otuz) g\u00fcn bekeleme s\u00fcresi vard\u0131r. \u00dcr\u00fcn bu tarihleri aras\u0131nda t\u00fcketiciye verilemez ise yapt\u0131\u011f\u0131 \u00f6deme kendisine iade edilir.<\/p><p>Son G\u00fcncellenme: 26 Mart 2019<\/p>","protected":false},"excerpt":{"rendered":"<p>Sipari\u015fleriniz, banka onay\u0131 al\u0131nd\u0131ktan sonra 3 i\u015f g\u00fcn\u00fc (Pazartesi-Cuma) i\u00e7erisinde kargoya teslim edilir. Teslimat adresinin SMR MODERN AH\u015eAP \u00c7EL\u0130K RAF [&hellip;]<\/p>\n","protected":false},"author":1,"featured_media":0,"parent":0,"menu_order":0,"comment_status":"closed","ping_status":"closed","template":"","meta":{"footnotes":""},"class_list":["post-90","page","type-page","status-publish","hentry"],"yoast_head":"<!-- This site is optimized with the Yoast SEO plugin v23.9 - https:\/\/yoast.com\/wordpress\/plugins\/seo\/ -->\n<title>Teslimat Ko\u015fullar\u0131 - Modern Raf<\/title>\n<meta name=\"robots\" content=\"index, follow, max-snippet:-1, max-image-preview:large, max-video-preview:-1\" \/>\n<link rel=\"canonical\" href=\"https:\/\/bayi.modernraf.com.tr\/index.php\/teslimat-kosullari\/\" \/>\n<meta property=\"og:locale\" content=\"tr_TR\" \/>\n<meta property=\"og:type\" content=\"article\" \/>\n<meta property=\"og:title\" content=\"Teslimat Ko\u015fullar\u0131 - Modern Raf\" \/>\n<meta property=\"og:description\" content=\"Sipari\u015fleriniz, banka onay\u0131 al\u0131nd\u0131ktan sonra 3 i\u015f g\u00fcn\u00fc (Pazartesi-Cuma) i\u00e7erisinde kargoya teslim edilir. Teslimat adresinin SMR MODERN AH\u015eAP \u00c7EL\u0130K RAF [&hellip;]\" \/>\n<meta property=\"og:url\" content=\"https:\/\/bayi.modernraf.com.tr\/index.php\/teslimat-kosullari\/\" \/>\n<meta property=\"og:site_name\" content=\"Modern Raf\" \/>\n<meta name=\"twitter:card\" content=\"summary_large_image\" \/>\n<meta name=\"twitter:label1\" content=\"Tahmini okuma s\u00fcresi\" \/>\n\t<meta name=\"twitter:data1\" content=\"2 dakika\" \/>\n<script type=\"application\/ld+json\" class=\"yoast-schema-graph\">{\"@context\":\"https:\/\/schema.org\",\"@graph\":[{\"@type\":\"WebPage\",\"@id\":\"https:\/\/bayi.modernraf.com.tr\/index.php\/teslimat-kosullari\/\",\"url\":\"https:\/\/bayi.modernraf.com.tr\/index.php\/teslimat-kosullari\/\",\"name\":\"Teslimat Ko\u015fullar\u0131 - Modern Raf\",\"isPartOf\":{\"@id\":\"https:\/\/bayi.modernraf.com.tr\/#website\"},\"datePublished\":\"2024-09-15T23:52:36+00:00\",\"dateModified\":\"2024-09-15T23:52:36+00:00\",\"breadcrumb\":{\"@id\":\"https:\/\/bayi.modernraf.com.tr\/index.php\/teslimat-kosullari\/#breadcrumb\"},\"inLanguage\":\"tr\",\"potentialAction\":[{\"@type\":\"ReadAction\",\"target\":[\"https:\/\/bayi.modernraf.com.tr\/index.php\/teslimat-kosullari\/\"]}]},{\"@type\":\"BreadcrumbList\",\"@id\":\"https:\/\/bayi.modernraf.com.tr\/index.php\/teslimat-kosullari\/#breadcrumb\",\"itemListElement\":[{\"@type\":\"ListItem\",\"position\":1,\"name\":\"Anasayfa\",\"item\":\"https:\/\/bayi.modernraf.com.tr\/\"},{\"@type\":\"ListItem\",\"position\":2,\"name\":\"Teslimat Ko\u015fullar\u0131\"}]},{\"@type\":\"WebSite\",\"@id\":\"https:\/\/bayi.modernraf.com.tr\/#website\",\"url\":\"https:\/\/bayi.modernraf.com.tr\/\",\"name\":\"Modern Raf\",\"description\":\"\",\"potentialAction\":[{\"@type\":\"SearchAction\",\"target\":{\"@type\":\"EntryPoint\",\"urlTemplate\":\"https:\/\/bayi.modernraf.com.tr\/?s={search_term_string}\"},\"query-input\":{\"@type\":\"PropertyValueSpecification\",\"valueRequired\":true,\"valueName\":\"search_term_string\"}}],\"inLanguage\":\"tr\"}]}<\/script>\n<!-- \/ Yoast SEO plugin. -->","yoast_head_json":{"title":"Teslimat Ko\u015fullar\u0131 - Modern Raf","robots":{"index":"index","follow":"follow","max-snippet":"max-snippet:-1","max-image-preview":"max-image-preview:large","max-video-preview":"max-video-preview:-1"},"canonical":"https:\/\/bayi.modernraf.com.tr\/index.php\/teslimat-kosullari\/","og_locale":"tr_TR","og_type":"article","og_title":"Teslimat Ko\u015fullar\u0131 - Modern Raf","og_description":"Sipari\u015fleriniz, banka onay\u0131 al\u0131nd\u0131ktan sonra 3 i\u015f g\u00fcn\u00fc (Pazartesi-Cuma) i\u00e7erisinde kargoya teslim edilir. Teslimat adresinin SMR MODERN AH\u015eAP \u00c7EL\u0130K RAF [&hellip;]","og_url":"https:\/\/bayi.modernraf.com.tr\/index.php\/teslimat-kosullari\/","og_site_name":"Modern Raf","twitter_card":"summary_large_image","twitter_misc":{"Tahmini okuma s\u00fcresi":"2 dakika"},"schema":{"@context":"https:\/\/schema.org","@graph":[{"@type":"WebPage","@id":"https:\/\/bayi.modernraf.com.tr\/index.php\/teslimat-kosullari\/","url":"https:\/\/bayi.modernraf.com.tr\/index.php\/teslimat-kosullari\/","name":"Teslimat Ko\u015fullar\u0131 - Modern Raf","isPartOf":{"@id":"https:\/\/bayi.modernraf.com.tr\/#website"},"datePublished":"2024-09-15T23:52:36+00:00","dateModified":"2024-09-15T23:52:36+00:00","breadcrumb":{"@id":"https:\/\/bayi.modernraf.com.tr\/index.php\/teslimat-kosullari\/#breadcrumb"},"inLanguage":"tr","potentialAction":[{"@type":"ReadAction","target":["https:\/\/bayi.modernraf.com.tr\/index.php\/teslimat-kosullari\/"]}]},{"@type":"BreadcrumbList","@id":"https:\/\/bayi.modernraf.com.tr\/index.php\/teslimat-kosullari\/#breadcrumb","itemListElement":[{"@type":"ListItem","position":1,"name":"Anasayfa","item":"https:\/\/bayi.modernraf.com.tr\/"},{"@type":"ListItem","position":2,"name":"Teslimat Ko\u015fullar\u0131"}]},{"@type":"WebSite","@id":"https:\/\/bayi.modernraf.com.tr\/#website","url":"https:\/\/bayi.modernraf.com.tr\/","name":"Modern Raf","description":"","potentialAction":[{"@type":"SearchAction","target":{"@type":"EntryPoint","urlTemplate":"https:\/\/bayi.modernraf.com.tr\/?s={search_term_string}"},"query-input":{"@type":"PropertyValueSpecification","valueRequired":true,"valueName":"search_term_string"}}],"inLanguage":"tr"}]}},"acf":[],"_links":{"self":[{"href":"https:\/\/bayi.modernraf.com.tr\/index.php\/wp-json\/wp\/v2\/pages\/90","targetHints":{"allow":["GET"]}}],"collection":[{"href":"https:\/\/bayi.modernraf.com.tr\/index.php\/wp-json\/wp\/v2\/pages"}],"about":[{"href":"https:\/\/bayi.modernraf.com.tr\/index.php\/wp-json\/wp\/v2\/types\/page"}],"author":[{"embeddable":true,"href":"https:\/\/bayi.modernraf.com.tr\/index.php\/wp-json\/wp\/v2\/users\/1"}],"replies":[{"embeddable":true,"href":"https:\/\/bayi.modernraf.com.tr\/index.php\/wp-json\/wp\/v2\/comments?post=90"}],"version-history":[{"count":1,"href":"https:\/\/bayi.modernraf.com.tr\/index.php\/wp-json\/wp\/v2\/pages\/90\/revisions"}],"predecessor-version":[{"id":91,"href":"https:\/\/bayi.modernraf.com.tr\/index.php\/wp-json\/wp\/v2\/pages\/90\/revisions\/91"}],"wp:attachment":[{"href":"https:\/\/bayi.modernraf.com.tr\/index.php\/wp-json\/wp\/v2\/media?parent=90"}],"curies":[{"name":"wp","href":"https:\/\/api.w.org\/{rel}","templated":true}]}}