{"id":84,"date":"2024-09-15T23:48:15","date_gmt":"2024-09-15T23:48:15","guid":{"rendered":"https:\/\/bayi.modernraf.com.tr\/?page_id=84"},"modified":"2024-09-15T23:48:15","modified_gmt":"2024-09-15T23:48:15","slug":"hakkimizda","status":"publish","type":"page","link":"https:\/\/bayi.modernraf.com.tr\/index.php\/hakkimizda\/","title":{"rendered":"Hakk\u0131m\u0131zda"},"content":{"rendered":"<p>Biz modern raf ailesi olarak ma\u011faza dekorasyon aksesuarlar\u0131, market raflar\u0131, ofis aksesuarlar\u0131 \u00fcretimi yapmaktay\u0131z. 25&nbsp;y\u0131ll\u0131k tecr\u00fcbemize dayanarak gerek \u00f6zel \u00fcretim gerekse standart \u00fcretim yap\u0131p siz de\u011ferli m\u00fc\u015fterilerimize sunmaktay\u0131z. \u00dcretimlerimiz \u00fcr\u00fcnler aras\u0131nda ma\u011faza aksesuarlar\u0131, katlama bankolar\u0131 ve aparatlar\u0131, demonte bir \u015fekilde haz\u0131rlay\u0131p eksiksiz bir \u015fekilde ula\u015ft\u0131rmaktay\u0131z.<\/p><p>Market, ayakkab\u0131 z\u00fccaciye eczane bijuteri vs. ma\u011fazalar\u0131n\u0131z\u0131n \u00f6ncelikle mimari \u00e7izimlerini olu\u015fturup sizlerin be\u011fenisini ald\u0131ktan sonra eksiksiz anahtar teslimi ile daha ilerki s\u00fcre\u00e7te ise aksesuar hizmetlerimizle yan\u0131n\u0131zday\u0131z. Ayn\u0131 zamanda ar\u015fiv ve depo raflar\u0131, evlere giyinme odalar\u0131, kiler ve dekoratif ev raflar\u0131 hizmetlerimizde bulunmaktad\u0131r. T\u00fcrkiye\u2019nin her k\u00f6\u015fesine \u00fcr\u00fcnlerimiz sorunsuz \u015fekilde ula\u015fmaktad\u0131r ve bunun hakl\u0131 gururunu ya\u015famaktay\u0131z. Bizleri tercih etti\u011finiz i\u00e7in te\u015fekk\u00fcrler.<\/p><p>Ay\u015fe Hatun Arslanba\u015f ve E\u015fi \u0130dris Arslanba\u015f\u2019\u0131n \u201cen iyi bildi\u011fimiz i\u015fi en farkl\u0131 \u015fekilde sunmal\u0131y\u0131z\u201d d\u00fc\u015f\u00fcncesi ile 2000&nbsp;y\u0131l\u0131nda Karadeniz&#8217;de kurulan marka; modern g\u00f6r\u00fcn\u00fcm\u00fc sayesinde \u00e7ok k\u0131sa bir s\u00fcrede t\u00fcm T\u00fcrkiye\u2019de ad\u0131ndan s\u00f6z ettirmeyi ba\u015farm\u0131\u015ft\u0131r.<\/p><p>Uzun y\u0131llar boyunca hizmet vermesinin ard\u0131ndan geli\u015fen teknolojiler ile beraber daha farkl\u0131 bir altyap\u0131ya ihtiya\u00e7 duymu\u015ftur. Bu ihtiyaca y\u00f6nelik kapsaml\u0131 bir ara\u015ft\u0131rma ve de\u011ferlendirme s\u00fcreci sonucunda 2013 y\u0131l\u0131nda yeni bir giri\u015fim ile T\u00fcrkiye\u2019nin ilk e-ticaret raf sistemini kurmu\u015ftur. Yeni giri\u015fimin ba\u015fta zorluklar\u0131 ve riskleri olsa da bu s\u00fcreci ba\u015far\u0131yla y\u00f6netmi\u015f, olumlu geri d\u00f6n\u00fc\u015fler almay\u0131 ba\u015farm\u0131\u015ft\u0131r. Sekt\u00f6rde \u00f6nc\u00fc konumda olmas\u0131 markay\u0131 ayr\u0131cal\u0131kl\u0131 k\u0131lan fakt\u00f6rlerden yaln\u0131zca bir tanesidir.<\/p><p>Modernraf, \u0130\u015fletme a\u00e7ma fikri olan her sekt\u00f6re hizmet vermekle beraber bir ma\u011fazan\u0131n ihtiyac\u0131 olabilecek market raf\u0131ndan elbise ask\u0131s\u0131na, ayakkab\u0131l\u0131ktan cans\u0131z mankene t\u00fcm \u00fcr\u00fcnleri b\u00fcnyesinde bar\u0131nd\u0131rmaktad\u0131r. \u00dcr\u00fcnlerinin imalat\u0131nda en kaliteli, en dayan\u0131kl\u0131 materyalleri kullanmakta ve kurulu\u015fundan bu yana modern, yenilik\u00e7i yap\u0131s\u0131ndan \u00f6d\u00fcn vermemektedir. M\u00fc\u015fterilerden gelen feedbackler sonucunda Ar-Ge sistemlerini her ge\u00e7en g\u00fcn geli\u015ftirmektedir. T\u00fcm bunlar\u0131n yan\u0131nda her proje ile \u00f6zel olarak ilgilenmekte, m\u00fc\u015fterinin beklentisini markan\u0131n modern dinami\u011fi ile birle\u015ftirerek ortaya e\u015fsiz g\u00f6r\u00fcn\u00fcmler \u00e7\u0131karmaktad\u0131r.<\/p><p>25 y\u0131ld\u0131r farkl\u0131l\u0131k yaratmak isteyen her ma\u011fazan\u0131n tercihi Modernraf ! Sen de Modernraf ile fark yarat !<\/p>","protected":false},"excerpt":{"rendered":"<p>Biz modern raf ailesi olarak ma\u011faza dekorasyon aksesuarlar\u0131, market raflar\u0131, ofis aksesuarlar\u0131 \u00fcretimi yapmaktay\u0131z. 25&nbsp;y\u0131ll\u0131k tecr\u00fcbemize dayanarak gerek \u00f6zel \u00fcretim [&hellip;]<\/p>\n","protected":false},"author":1,"featured_media":0,"parent":0,"menu_order":0,"comment_status":"closed","ping_status":"closed","template":"","meta":{"footnotes":""},"class_list":["post-84","page","type-page","status-publish","hentry"],"yoast_head":"<!-- This site is optimized with the Yoast SEO plugin v23.9 - https:\/\/yoast.com\/wordpress\/plugins\/seo\/ -->\n<title>Hakk\u0131m\u0131zda - Modern Raf<\/title>\n<meta name=\"robots\" content=\"index, follow, max-snippet:-1, max-image-preview:large, max-video-preview:-1\" \/>\n<link rel=\"canonical\" href=\"https:\/\/bayi.modernraf.com.tr\/index.php\/hakkimizda\/\" \/>\n<meta property=\"og:locale\" content=\"tr_TR\" \/>\n<meta property=\"og:type\" content=\"article\" \/>\n<meta property=\"og:title\" content=\"Hakk\u0131m\u0131zda - Modern Raf\" \/>\n<meta property=\"og:description\" content=\"Biz modern raf ailesi olarak ma\u011faza dekorasyon aksesuarlar\u0131, market raflar\u0131, ofis aksesuarlar\u0131 \u00fcretimi yapmaktay\u0131z. 25&nbsp;y\u0131ll\u0131k tecr\u00fcbemize dayanarak gerek \u00f6zel \u00fcretim [&hellip;]\" \/>\n<meta property=\"og:url\" content=\"https:\/\/bayi.modernraf.com.tr\/index.php\/hakkimizda\/\" \/>\n<meta property=\"og:site_name\" content=\"Modern Raf\" \/>\n<meta name=\"twitter:card\" content=\"summary_large_image\" \/>\n<script type=\"application\/ld+json\" class=\"yoast-schema-graph\">{\"@context\":\"https:\/\/schema.org\",\"@graph\":[{\"@type\":\"WebPage\",\"@id\":\"https:\/\/bayi.modernraf.com.tr\/index.php\/hakkimizda\/\",\"url\":\"https:\/\/bayi.modernraf.com.tr\/index.php\/hakkimizda\/\",\"name\":\"Hakk\u0131m\u0131zda - Modern Raf\",\"isPartOf\":{\"@id\":\"https:\/\/bayi.modernraf.com.tr\/#website\"},\"datePublished\":\"2024-09-15T23:48:15+00:00\",\"dateModified\":\"2024-09-15T23:48:15+00:00\",\"breadcrumb\":{\"@id\":\"https:\/\/bayi.modernraf.com.tr\/index.php\/hakkimizda\/#breadcrumb\"},\"inLanguage\":\"tr\",\"potentialAction\":[{\"@type\":\"ReadAction\",\"target\":[\"https:\/\/bayi.modernraf.com.tr\/index.php\/hakkimizda\/\"]}]},{\"@type\":\"BreadcrumbList\",\"@id\":\"https:\/\/bayi.modernraf.com.tr\/index.php\/hakkimizda\/#breadcrumb\",\"itemListElement\":[{\"@type\":\"ListItem\",\"position\":1,\"name\":\"Anasayfa\",\"item\":\"https:\/\/bayi.modernraf.com.tr\/\"},{\"@type\":\"ListItem\",\"position\":2,\"name\":\"Hakk\u0131m\u0131zda\"}]},{\"@type\":\"WebSite\",\"@id\":\"https:\/\/bayi.modernraf.com.tr\/#website\",\"url\":\"https:\/\/bayi.modernraf.com.tr\/\",\"name\":\"Modern Raf\",\"description\":\"\",\"potentialAction\":[{\"@type\":\"SearchAction\",\"target\":{\"@type\":\"EntryPoint\",\"urlTemplate\":\"https:\/\/bayi.modernraf.com.tr\/?s={search_term_string}\"},\"query-input\":{\"@type\":\"PropertyValueSpecification\",\"valueRequired\":true,\"valueName\":\"search_term_string\"}}],\"inLanguage\":\"tr\"}]}<\/script>\n<!-- \/ Yoast SEO plugin. -->","yoast_head_json":{"title":"Hakk\u0131m\u0131zda - Modern Raf","robots":{"index":"index","follow":"follow","max-snippet":"max-snippet:-1","max-image-preview":"max-image-preview:large","max-video-preview":"max-video-preview:-1"},"canonical":"https:\/\/bayi.modernraf.com.tr\/index.php\/hakkimizda\/","og_locale":"tr_TR","og_type":"article","og_title":"Hakk\u0131m\u0131zda - Modern Raf","og_description":"Biz modern raf ailesi olarak ma\u011faza dekorasyon aksesuarlar\u0131, market raflar\u0131, ofis aksesuarlar\u0131 \u00fcretimi yapmaktay\u0131z. 25&nbsp;y\u0131ll\u0131k tecr\u00fcbemize dayanarak gerek \u00f6zel \u00fcretim [&hellip;]","og_url":"https:\/\/bayi.modernraf.com.tr\/index.php\/hakkimizda\/","og_site_name":"Modern Raf","twitter_card":"summary_large_image","schema":{"@context":"https:\/\/schema.org","@graph":[{"@type":"WebPage","@id":"https:\/\/bayi.modernraf.com.tr\/index.php\/hakkimizda\/","url":"https:\/\/bayi.modernraf.com.tr\/index.php\/hakkimizda\/","name":"Hakk\u0131m\u0131zda - Modern Raf","isPartOf":{"@id":"https:\/\/bayi.modernraf.com.tr\/#website"},"datePublished":"2024-09-15T23:48:15+00:00","dateModified":"2024-09-15T23:48:15+00:00","breadcrumb":{"@id":"https:\/\/bayi.modernraf.com.tr\/index.php\/hakkimizda\/#breadcrumb"},"inLanguage":"tr","potentialAction":[{"@type":"ReadAction","target":["https:\/\/bayi.modernraf.com.tr\/index.php\/hakkimizda\/"]}]},{"@type":"BreadcrumbList","@id":"https:\/\/bayi.modernraf.com.tr\/index.php\/hakkimizda\/#breadcrumb","itemListElement":[{"@type":"ListItem","position":1,"name":"Anasayfa","item":"https:\/\/bayi.modernraf.com.tr\/"},{"@type":"ListItem","position":2,"name":"Hakk\u0131m\u0131zda"}]},{"@type":"WebSite","@id":"https:\/\/bayi.modernraf.com.tr\/#website","url":"https:\/\/bayi.modernraf.com.tr\/","name":"Modern Raf","description":"","potentialAction":[{"@type":"SearchAction","target":{"@type":"EntryPoint","urlTemplate":"https:\/\/bayi.modernraf.com.tr\/?s={search_term_string}"},"query-input":{"@type":"PropertyValueSpecification","valueRequired":true,"valueName":"search_term_string"}}],"inLanguage":"tr"}]}},"acf":[],"_links":{"self":[{"href":"https:\/\/bayi.modernraf.com.tr\/index.php\/wp-json\/wp\/v2\/pages\/84","targetHints":{"allow":["GET"]}}],"collection":[{"href":"https:\/\/bayi.modernraf.com.tr\/index.php\/wp-json\/wp\/v2\/pages"}],"about":[{"href":"https:\/\/bayi.modernraf.com.tr\/index.php\/wp-json\/wp\/v2\/types\/page"}],"author":[{"embeddable":true,"href":"https:\/\/bayi.modernraf.com.tr\/index.php\/wp-json\/wp\/v2\/users\/1"}],"replies":[{"embeddable":true,"href":"https:\/\/bayi.modernraf.com.tr\/index.php\/wp-json\/wp\/v2\/comments?post=84"}],"version-history":[{"count":1,"href":"https:\/\/bayi.modernraf.com.tr\/index.php\/wp-json\/wp\/v2\/pages\/84\/revisions"}],"predecessor-version":[{"id":85,"href":"https:\/\/bayi.modernraf.com.tr\/index.php\/wp-json\/wp\/v2\/pages\/84\/revisions\/85"}],"wp:attachment":[{"href":"https:\/\/bayi.modernraf.com.tr\/index.php\/wp-json\/wp\/v2\/media?parent=84"}],"curies":[{"name":"wp","href":"https:\/\/api.w.org\/{rel}","templated":true}]}}